{"id":3169,"date":"2025-11-02T22:23:04","date_gmt":"2025-11-02T22:23:04","guid":{"rendered":"https:\/\/alpura-lodges.ch\/impressum\/"},"modified":"2025-11-11T09:45:39","modified_gmt":"2025-11-11T09:45:39","slug":"impressum","status":"publish","type":"page","link":"https:\/\/alpura-lodges.ch\/de\/impressum\/","title":{"rendered":"Impressum"},"content":{"rendered":"\t\t<div data-elementor-type=\"wp-page\" data-elementor-id=\"3169\" class=\"elementor elementor-3169 elementor-2336\" data-elementor-settings=\"{&quot;element_pack_global_tooltip_width&quot;:{&quot;unit&quot;:&quot;px&quot;,&quot;size&quot;:&quot;&quot;,&quot;sizes&quot;:[]},&quot;element_pack_global_tooltip_width_tablet&quot;:{&quot;unit&quot;:&quot;px&quot;,&quot;size&quot;:&quot;&quot;,&quot;sizes&quot;:[]},&quot;element_pack_global_tooltip_width_mobile&quot;:{&quot;unit&quot;:&quot;px&quot;,&quot;size&quot;:&quot;&quot;,&quot;sizes&quot;:[]},&quot;element_pack_global_tooltip_padding&quot;:{&quot;unit&quot;:&quot;px&quot;,&quot;top&quot;:&quot;&quot;,&quot;right&quot;:&quot;&quot;,&quot;bottom&quot;:&quot;&quot;,&quot;left&quot;:&quot;&quot;,&quot;isLinked&quot;:true},&quot;element_pack_global_tooltip_padding_tablet&quot;:{&quot;unit&quot;:&quot;px&quot;,&quot;top&quot;:&quot;&quot;,&quot;right&quot;:&quot;&quot;,&quot;bottom&quot;:&quot;&quot;,&quot;left&quot;:&quot;&quot;,&quot;isLinked&quot;:true},&quot;element_pack_global_tooltip_padding_mobile&quot;:{&quot;unit&quot;:&quot;px&quot;,&quot;top&quot;:&quot;&quot;,&quot;right&quot;:&quot;&quot;,&quot;bottom&quot;:&quot;&quot;,&quot;left&quot;:&quot;&quot;,&quot;isLinked&quot;:true},&quot;element_pack_global_tooltip_border_radius&quot;:{&quot;unit&quot;:&quot;px&quot;,&quot;top&quot;:&quot;&quot;,&quot;right&quot;:&quot;&quot;,&quot;bottom&quot;:&quot;&quot;,&quot;left&quot;:&quot;&quot;,&quot;isLinked&quot;:true},&quot;element_pack_global_tooltip_border_radius_tablet&quot;:{&quot;unit&quot;:&quot;px&quot;,&quot;top&quot;:&quot;&quot;,&quot;right&quot;:&quot;&quot;,&quot;bottom&quot;:&quot;&quot;,&quot;left&quot;:&quot;&quot;,&quot;isLinked&quot;:true},&quot;element_pack_global_tooltip_border_radius_mobile&quot;:{&quot;unit&quot;:&quot;px&quot;,&quot;top&quot;:&quot;&quot;,&quot;right&quot;:&quot;&quot;,&quot;bottom&quot;:&quot;&quot;,&quot;left&quot;:&quot;&quot;,&quot;isLinked&quot;:true}}\" data-elementor-post-type=\"page\">\n\t\t\t\t<div class=\"elementor-element elementor-element-e5672b9 e-flex e-con-boxed e-con e-parent\" data-id=\"e5672b9\" data-element_type=\"container\" data-e-type=\"container\" data-settings=\"{&quot;background_background&quot;:&quot;classic&quot;}\">\n\t\t\t\t\t<div class=\"e-con-inner\">\n\t\t<div class=\"elementor-element elementor-element-45e770a e-con-full e-flex e-con e-child\" data-id=\"45e770a\" data-element_type=\"container\" data-e-type=\"container\">\n\t\t<div class=\"elementor-element elementor-element-8927da5 e-con-full e-flex e-con e-child\" data-id=\"8927da5\" data-element_type=\"container\" data-e-type=\"container\">\n\t\t\t\t<div class=\"elementor-element elementor-element-dd03679 elementor-invisible elementor-widget elementor-widget-heading\" data-id=\"dd03679\" data-element_type=\"widget\" data-e-type=\"widget\" data-settings=\"{&quot;_animation&quot;:&quot;fadeInUp&quot;}\" data-widget_type=\"heading.default\">\n\t\t\t\t\t<h1 class=\"elementor-heading-title elementor-size-default\">Impressum<\/h1>\t\t\t\t<\/div>\n\t\t\t\t<\/div>\n\t\t\t\t<\/div>\n\t\t<div class=\"elementor-element elementor-element-d677112 e-con-full e-flex e-con e-child\" data-id=\"d677112\" data-element_type=\"container\" data-e-type=\"container\">\n\t\t\t\t<div class=\"elementor-element elementor-element-192f7c2 elementor-align-center elementor-invisible elementor-widget elementor-widget-button\" data-id=\"192f7c2\" data-element_type=\"widget\" data-e-type=\"widget\" data-settings=\"{&quot;_animation&quot;:&quot;fadeInUp&quot;,&quot;_animation_delay&quot;:&quot;400&quot;}\" data-widget_type=\"button.default\">\n\t\t\t\t\t\t\t\t\t\t<a class=\"elementor-button elementor-button-link elementor-size-sm\" href=\"https:\/\/alpura-lodges.ch\/de\/\">\n\t\t\t\t\t\t<span class=\"elementor-button-content-wrapper\">\n\t\t\t\t\t\t<span class=\"elementor-button-icon\">\n\t\t\t\t<i aria-hidden=\"true\" class=\"ti ti-arrow-left\"><\/i>\t\t\t<\/span>\n\t\t\t\t\t\t\t\t\t<span class=\"elementor-button-text\">Zur\u00fcck zur Startseite<\/span>\n\t\t\t\t\t<\/span>\n\t\t\t\t\t<\/a>\n\t\t\t\t\t\t\t\t<\/div>\n\t\t\t\t<\/div>\n\t\t\t\t\t<\/div>\n\t\t\t\t<\/div>\n\t\t<div class=\"elementor-element elementor-element-308a5f3 e-flex e-con-boxed e-con e-parent\" data-id=\"308a5f3\" data-element_type=\"container\" data-e-type=\"container\">\n\t\t\t\t\t<div class=\"e-con-inner\">\n\t\t\t\t<div class=\"elementor-element elementor-element-e9f86e1 elementor-widget elementor-widget-text-editor\" data-id=\"e9f86e1\" data-element_type=\"widget\" data-e-type=\"widget\" data-widget_type=\"text-editor.default\">\n\t\t\t\t\t\t\t\t\t<strong>Herausgeber der Website<\/strong><br>Ecolodge Immobilier Bonvin SA<br>Route du Poupet 5<br>3978 Flanthey \u2013 Schweiz<br>Telefon: <a href=\"tel:+41794821809\">+41 79 482 18 09<\/a><br>E-Mail: <a href=\"mailto:contact@alpura-lodges.ch\">contact@alpura-lodges.ch<\/a><br>Aktiengesellschaft, eingetragen im Handelsregister des Wallis.<br><br><strong>Website<\/strong><br>Name der Website: Alpura Lodges<br>Adresse: <a href=\"https:\/\/www.alpura-lodges.ch\" target=\"_blank\" rel=\"noopener\">www.alpura-lodges.ch<\/a><br>Zweck: Pr\u00e4sentation und Buchung von Lodges im Wallis (Schweiz)<br><br><strong>Entwicklung &amp; Wartung<\/strong><br>Justin Cappelle \u2013 Software Development &amp; Consulting<br>Avenue Rousseau 4<br>1815 Clarens \u2013 Schweiz<br>UID: CHE-309.802.645<br>Technische Entwicklung und Verwaltung: Menu<br>E-Mail: <a href=\"mailto:justin@etik.com\">justin@etik.com<\/a><br>Website: <a href=\"http:\/\/justincappelle.ch\/en\" target=\"_blank\" rel=\"noopener\">justincappelle.ch<\/a><br><br>Einige Dienstleistungen im Bereich digitale Strategie, SEO oder redaktionelle Partnerschaften k\u00f6nnen in Zusammenarbeit mit externen Plattformen wie <a href=\"https:\/\/www.leedy.ch\" target=\"_blank\" rel=\"noopener noreferrer\">Leedy<\/a> erfolgen, einer Schweizer Plattform, die auf Immobilienbegleitung spezialisiert ist.<br><br><strong>Hosting<\/strong><br>Infomaniak Network SA<br>Avenue de la Praille 26<br>1227 Carouge \u2013 Schweiz<br><a href=\"https:\/\/www.infomaniak.com\" target=\"_blank\" rel=\"noopener\">www.infomaniak.com<\/a><br><br><strong>Buchungen und Zahlungen<\/strong><br>Buchungen, die auf der Website get\u00e4tigt werden, werden \u00fcber die Plattform Lodgify verwaltet.<br>Online-Zahlungen werden sicher von Stripe abgewickelt.<br>Jede Buchung setzt die Annahme der <a href=\"https:\/\/alpura-lodges.ch\/de\/allgemeine-mietbedingungen\/\">Allgemeinen Mietbedingungen<\/a> voraus.<br><br><strong>Geistiges Eigentum<\/strong><br>Alle Inhalte der Website (Texte, Bilder, grafische Elemente, Logo und Struktur) sind, sofern nicht anders angegeben, das ausschlie\u00dfliche Eigentum von Alpura Lodges \/ Ecolodge Immobilier Bonvin SA.<br>Einige Bilder k\u00f6nnen von lizenzfreien Bilddatenbanken oder Drittfotografen stammen; sie bleiben Eigentum ihrer jeweiligen Urheber.<br>Jegliche Vervielf\u00e4ltigung, Verbreitung, \u00c4nderung oder Ver\u00f6ffentlichung ohne vorherige schriftliche Genehmigung ist untersagt.<br><br><strong>Datenschutz<\/strong><br>Die \u00fcber die Website gesammelten Daten werden ausschlie\u00dflich zur Verwaltung von Buchungen und Kontaktanfragen verwendet.<br>Gem\u00e4\u00df dem Bundesgesetz \u00fcber den Datenschutz (DSG 2023) haben Sie das Recht auf Zugang, Berichtigung und L\u00f6schung Ihrer pers\u00f6nlichen Daten.<br>Um dieses Recht auszu\u00fcben, schreiben Sie bitte an: <a href=\"mailto:contact@alpura-lodges.ch\">contact@alpura-lodges.ch<\/a>.<br><br><strong>Cookies &amp; Analysetools<\/strong><br>Die Website verwendet Google Analytics, um die Besucherzahlen zu analysieren und die Benutzererfahrung zu verbessern.<br>Durch die Nutzung der Website stimmen Sie der Verwendung dieser Cookies zur Reichweitenmessung zu.<br>Sie k\u00f6nnen Cookies jederzeit \u00fcber die Einstellungen Ihres Browsers deaktivieren.<br><br><strong>Haftungsbeschr\u00e4nkung<\/strong><br>Ecolodge Immobilier Bonvin SA bem\u00fcht sich, die Zuverl\u00e4ssigkeit der auf der Website ver\u00f6ffentlichten Informationen zu gew\u00e4hrleisten, kann jedoch deren Richtigkeit oder Vollst\u00e4ndigkeit nicht garantieren.<br>Das Unternehmen kann nicht f\u00fcr direkte oder indirekte Sch\u00e4den haftbar gemacht werden, die sich aus dem Zugriff oder der Nutzung der Website ergeben.<br><br><strong>Anwendbares Recht<\/strong><br>Diese Website und ihr Inhalt unterliegen dem schweizerischen Recht.\t\t\t\t\t\t\t\t<\/div>\n\t\t\t\t\t<\/div>\n\t\t\t\t<\/div>\n\t\t\t\t<\/div>\n\t\t","protected":false},"excerpt":{"rendered":"<p>Impressum Zur\u00fcck zur Startseite Herausgeber der WebsiteEcolodge Immobilier Bonvin SARoute du Poupet 53978 Flanthey \u2013 SchweizTelefon: +41 79 482 18 09E-Mail: contact@alpura-lodges.chAktiengesellschaft, eingetragen im Handelsregister des Wallis. WebsiteName der Website: Alpura LodgesAdresse: www.alpura-lodges.chZweck: Pr\u00e4sentation und Buchung von Lodges im Wallis (Schweiz) Entwicklung &amp; WartungJustin Cappelle \u2013 Software Development &amp; ConsultingAvenue Rousseau 41815 Clarens \u2013 SchweizUID: [&hellip;]<\/p>\n","protected":false},"author":1,"featured_media":0,"parent":0,"menu_order":0,"comment_status":"closed","ping_status":"closed","template":"","meta":{"_acf_changed":false,"footnotes":""},"class_list":["post-3169","page","type-page","status-publish","hentry"],"acf":[],"_links":{"self":[{"href":"https:\/\/alpura-lodges.ch\/de\/wp-json\/wp\/v2\/pages\/3169","targetHints":{"allow":["GET"]}}],"collection":[{"href":"https:\/\/alpura-lodges.ch\/de\/wp-json\/wp\/v2\/pages"}],"about":[{"href":"https:\/\/alpura-lodges.ch\/de\/wp-json\/wp\/v2\/types\/page"}],"author":[{"embeddable":true,"href":"https:\/\/alpura-lodges.ch\/de\/wp-json\/wp\/v2\/users\/1"}],"replies":[{"embeddable":true,"href":"https:\/\/alpura-lodges.ch\/de\/wp-json\/wp\/v2\/comments?post=3169"}],"version-history":[{"count":5,"href":"https:\/\/alpura-lodges.ch\/de\/wp-json\/wp\/v2\/pages\/3169\/revisions"}],"predecessor-version":[{"id":3798,"href":"https:\/\/alpura-lodges.ch\/de\/wp-json\/wp\/v2\/pages\/3169\/revisions\/3798"}],"wp:attachment":[{"href":"https:\/\/alpura-lodges.ch\/de\/wp-json\/wp\/v2\/media?parent=3169"}],"curies":[{"name":"wp","href":"https:\/\/api.w.org\/{rel}","templated":true}]}}