{"id":3102,"date":"2025-11-04T11:25:09","date_gmt":"2025-11-04T11:25:09","guid":{"rendered":"https:\/\/alpura-lodges.ch\/allgemeine-mietbedingungen\/"},"modified":"2025-11-09T09:54:49","modified_gmt":"2025-11-09T09:54:49","slug":"allgemeine-mietbedingungen","status":"publish","type":"page","link":"https:\/\/alpura-lodges.ch\/de\/allgemeine-mietbedingungen\/","title":{"rendered":"Allgemeine Mietbedingungen"},"content":{"rendered":"\t\t<div data-elementor-type=\"wp-page\" data-elementor-id=\"3102\" class=\"elementor elementor-3102 elementor-2458\" data-elementor-settings=\"{&quot;element_pack_global_tooltip_width&quot;:{&quot;unit&quot;:&quot;px&quot;,&quot;size&quot;:&quot;&quot;,&quot;sizes&quot;:[]},&quot;element_pack_global_tooltip_width_tablet&quot;:{&quot;unit&quot;:&quot;px&quot;,&quot;size&quot;:&quot;&quot;,&quot;sizes&quot;:[]},&quot;element_pack_global_tooltip_width_mobile&quot;:{&quot;unit&quot;:&quot;px&quot;,&quot;size&quot;:&quot;&quot;,&quot;sizes&quot;:[]},&quot;element_pack_global_tooltip_padding&quot;:{&quot;unit&quot;:&quot;px&quot;,&quot;top&quot;:&quot;&quot;,&quot;right&quot;:&quot;&quot;,&quot;bottom&quot;:&quot;&quot;,&quot;left&quot;:&quot;&quot;,&quot;isLinked&quot;:true},&quot;element_pack_global_tooltip_padding_tablet&quot;:{&quot;unit&quot;:&quot;px&quot;,&quot;top&quot;:&quot;&quot;,&quot;right&quot;:&quot;&quot;,&quot;bottom&quot;:&quot;&quot;,&quot;left&quot;:&quot;&quot;,&quot;isLinked&quot;:true},&quot;element_pack_global_tooltip_padding_mobile&quot;:{&quot;unit&quot;:&quot;px&quot;,&quot;top&quot;:&quot;&quot;,&quot;right&quot;:&quot;&quot;,&quot;bottom&quot;:&quot;&quot;,&quot;left&quot;:&quot;&quot;,&quot;isLinked&quot;:true},&quot;element_pack_global_tooltip_border_radius&quot;:{&quot;unit&quot;:&quot;px&quot;,&quot;top&quot;:&quot;&quot;,&quot;right&quot;:&quot;&quot;,&quot;bottom&quot;:&quot;&quot;,&quot;left&quot;:&quot;&quot;,&quot;isLinked&quot;:true},&quot;element_pack_global_tooltip_border_radius_tablet&quot;:{&quot;unit&quot;:&quot;px&quot;,&quot;top&quot;:&quot;&quot;,&quot;right&quot;:&quot;&quot;,&quot;bottom&quot;:&quot;&quot;,&quot;left&quot;:&quot;&quot;,&quot;isLinked&quot;:true},&quot;element_pack_global_tooltip_border_radius_mobile&quot;:{&quot;unit&quot;:&quot;px&quot;,&quot;top&quot;:&quot;&quot;,&quot;right&quot;:&quot;&quot;,&quot;bottom&quot;:&quot;&quot;,&quot;left&quot;:&quot;&quot;,&quot;isLinked&quot;:true}}\" data-elementor-post-type=\"page\">\n\t\t\t\t<div class=\"elementor-element elementor-element-ec44345 e-flex e-con-boxed e-con e-parent\" data-id=\"ec44345\" data-element_type=\"container\" data-e-type=\"container\" data-settings=\"{&quot;background_background&quot;:&quot;classic&quot;}\">\n\t\t\t\t\t<div class=\"e-con-inner\">\n\t\t<div class=\"elementor-element elementor-element-9119046 e-con-full e-flex e-con e-child\" data-id=\"9119046\" data-element_type=\"container\" data-e-type=\"container\">\n\t\t<div class=\"elementor-element elementor-element-fb40170 e-con-full e-flex e-con e-child\" data-id=\"fb40170\" data-element_type=\"container\" data-e-type=\"container\">\n\t\t\t\t<div class=\"elementor-element elementor-element-14a2bcf elementor-invisible elementor-widget elementor-widget-heading\" data-id=\"14a2bcf\" data-element_type=\"widget\" data-e-type=\"widget\" data-settings=\"{&quot;_animation&quot;:&quot;fadeInUp&quot;}\" data-widget_type=\"heading.default\">\n\t\t\t\t\t<h1 class=\"elementor-heading-title elementor-size-default\">Allgemeine Mietbedingungen<\/h1>\t\t\t\t<\/div>\n\t\t\t\t<\/div>\n\t\t\t\t<\/div>\n\t\t<div class=\"elementor-element elementor-element-09a3c9c e-con-full e-flex e-con e-child\" data-id=\"09a3c9c\" data-element_type=\"container\" data-e-type=\"container\">\n\t\t\t\t<div class=\"elementor-element elementor-element-89f4a12 elementor-align-center elementor-invisible elementor-widget elementor-widget-button\" data-id=\"89f4a12\" data-element_type=\"widget\" data-e-type=\"widget\" data-settings=\"{&quot;_animation&quot;:&quot;fadeInUp&quot;,&quot;_animation_delay&quot;:&quot;400&quot;}\" data-widget_type=\"button.default\">\n\t\t\t\t\t\t\t\t\t\t<a class=\"elementor-button elementor-button-link elementor-size-sm\" href=\"https:\/\/alpura-lodges.ch\/de\">\n\t\t\t\t\t\t<span class=\"elementor-button-content-wrapper\">\n\t\t\t\t\t\t<span class=\"elementor-button-icon\">\n\t\t\t\t<i aria-hidden=\"true\" class=\"ti ti-arrow-left\"><\/i>\t\t\t<\/span>\n\t\t\t\t\t\t\t\t\t<span class=\"elementor-button-text\">Zur\u00fcck zur Startseite<\/span>\n\t\t\t\t\t<\/span>\n\t\t\t\t\t<\/a>\n\t\t\t\t\t\t\t\t<\/div>\n\t\t\t\t<\/div>\n\t\t\t\t\t<\/div>\n\t\t\t\t<\/div>\n\t\t<div class=\"elementor-element elementor-element-a2e904d e-flex e-con-boxed e-con e-parent\" data-id=\"a2e904d\" data-element_type=\"container\" data-e-type=\"container\">\n\t\t\t\t\t<div class=\"e-con-inner\">\n\t\t\t\t<div class=\"elementor-element elementor-element-8925e16 elementor-widget elementor-widget-text-editor\" data-id=\"8925e16\" data-element_type=\"widget\" data-e-type=\"widget\" data-widget_type=\"text-editor.default\">\n\t\t\t\t\t\t\t\t\t<h3>1. Gegenstand des Vertrags<\/h3><br>Die vorliegenden Allgemeinen Mietbedingungen gelten f\u00fcr alle Buchungen, die direkt \u00fcber unsere Website f\u00fcr die Vermietung unserer Lodges im Wallis (Schweiz) get\u00e4tigt werden.<br>Jede Buchung setzt die vollst\u00e4ndige Annahme der vorliegenden Allgemeinen Gesch\u00e4ftsbedingungen voraus.<br><h3>2. Buchung und Vertragsabschluss<\/h3><br>Die Buchung wird verbindlich, wenn :<br><ul> \t<li>Der Kunde hat die Buchung online best\u00e4tigt,<\/li> \t<li>und zahlte die Anzahlung oder den vollen Betrag, je nachdem, welche Option Sie gew\u00e4hlt hatten.<\/li><\/ul><br>Eine Best\u00e4tigungs-E-Mail wird an den Kunden geschickt.<br>Der Mietvertrag wird zwischen dem Kunden und dem Eigent\u00fcmer ohne Vermittler abgeschlossen.<br><h3>3. Preis und Zahlung<\/h3><br>Die Preise sind in Schweizer Franken (CHF) angegeben und beinhalten :<br><ul> \t<li>Unterkunft,<\/li> \t<li>Bettw\u00e4sche und Handt\u00fccher,<\/li> \t<li>Heizung, Wasser, Strom,<\/li> \t<li>Kurtaxe,<\/li> \t<li>die Kosten f\u00fcr die Endreinigung,<\/li> \t<li>Wi-Fi (falls verf\u00fcgbar).<\/li><\/ul><br><strong>Nicht inbegriffen sind:<\/strong> zus\u00e4tzliche Optionen (z.B. Fr\u00fchst\u00fcck, Parkplatz, Dienstleistungen auf Anfrage).<br><br><strong>Zahlungsmodalit\u00e4ten :<\/strong><br><ul> \t<li>Anzahlung bei Buchung: 50% des Gesamtbetrages<\/li> \t<li>Restbetrag: 30 Tage vor Ankunft<\/li> \t<li>Bei Buchungen, die weniger als 30 Tage vor der Ankunft get\u00e4tigt werden: 100% Zahlung bei der Buchung.<\/li><\/ul><br><h3>4. Stornierung &#8211; Strenge Bedingungen<\/h3><br><strong>Durch den Kunden :<\/strong><br><table><thead><tr><th>Zeitraum vor der Ankunft<\/th><th>Kosten<\/th><\/tr><\/thead><tbody><tr><td>Mehr als 30 Tage<\/td><td>Nicht r\u00fcckzahlbare Anzahlung<\/td><\/tr><tr><td>30 Tage oder weniger<\/td><td>100% des f\u00e4lligen Aufenthalts<\/td><\/tr><tr><td>Nichtanwesenheit<\/td><td>100% des Aufenthaltspreises<\/td><\/tr><\/tbody><\/table><br>Keine R\u00fcckerstattung, es sei denn, eine private Reiser\u00fccktrittsversicherung des Kunden deckt dies ab.<br><br><strong>Durch den Eigent\u00fcmer:<\/strong><br>Im Falle einer au\u00dfergew\u00f6hnlichen Stornierung (h\u00f6here Gewalt, technische Probleme, Unm\u00f6glichkeit der Unterbringung) erstattet der Eigent\u00fcmer den Gesamtbetrag der gezahlten Betr\u00e4ge ohne weitere Entsch\u00e4digung.<br><h3>5. Sicherheitsleistung<\/h3><br>Eine Kaution kann verlangt werden (der Betrag wird bei der Buchung angegeben).<br>Sie kann teilweise oder vollst\u00e4ndig zur\u00fcckgehalten werden, wenn :<br><ul> \t<li>Sch\u00e4den,<\/li> \t<li>\u00dcberm\u00e4\u00dfige Reinigung,<\/li> \t<li>Nichteinhaltung der Gesch\u00e4ftsordnung,<\/li> \t<li>Schl\u00fcsselverlust \/ Schlosserkosten.<\/li><\/ul><br><h3>6. Ankunft und Abreise<\/h3><br>Eine versp\u00e4tete Ankunft muss gemeldet werden.<br>Bei nicht genehmigter versp\u00e4teter Abreise k\u00f6nnen Geb\u00fchren anfallen.<br><h3>7. Anzahl der Bewohner<\/h3><br>Die Anzahl der Personen darf die bei der Buchung angegebene Kapazit\u00e4t nicht \u00fcberschreiten.<br>Jede zus\u00e4tzliche Person, die nicht angemeldet ist, kann zu folgenden Konsequenzen f\u00fchren:<br><ul> \t<li>Vertragsbruch,<\/li> \t<li>Ausweisung ohne R\u00fcckzahlung,<\/li> \t<li>und\/oder zus\u00e4tzliche Geb\u00fchren.<\/li><\/ul><br><h3>8. Gesch\u00e4ftsordnung<\/h3><br>Der Kunde verpflichtet sich zur Einhaltung von :<br><ul> \t<li>die Ruhe der Nachbarschaft,<\/li> \t<li>eine angemessene Nutzung der Unterkunft,<\/li> \t<li>das Rauchverbot in den Lodges,<\/li> \t<li>das Verbot von Partys und Veranstaltungen ohne Genehmigung.<\/li><\/ul><br>Haustiere sind erlaubt.<br><h3>9. Pflege und Haushalt<\/h3><br>Die Endreinigung ist obligatorisch (inbegriffen).<br>Der Kunde muss die Unterkunft jedoch in einem ordnungsgem\u00e4\u00dfen Zustand hinterlassen:<br><ul> \t<li>sauberes Geschirr<\/li> \t<li>geleerte M\u00fclltonnen<\/li> \t<li>sauberer K\u00fchlschrank<\/li><\/ul><br><h3>10. Verantwortung<\/h3><br>Der Kunde ist f\u00fcr alle Sch\u00e4den verantwortlich, die w\u00e4hrend seines Aufenthaltes entstehen.<br>Der Eigent\u00fcmer ist nicht verantwortlich f\u00fcr :<br><ul> \t<li>Diebstahl oder Verlust von pers\u00f6nlichen Gegenst\u00e4nden,<\/li> \t<li>Internetunterbrechungen,<\/li> \t<li>Naturereignisse (Schnee, Eis, etc.).<\/li><\/ul><br><h3>11. Versicherung<\/h3><br>Der Kunde muss \u00fcber eine private Haftpflichtversicherung verf\u00fcgen.<br>Es wird empfohlen, eine Reiser\u00fccktrittsversicherung abzuschlie\u00dfen.<br><h3>12. Datenschutz<\/h3><br>Pers\u00f6nliche Daten werden nur f\u00fcr die Verwaltung der Buchungen verwendet, in \u00dcbereinstimmung mit dem Schweizer Datenschutzrecht.<br><h3>13. Anwendbares Recht &amp; Gerichtsbarkeit<\/h3><br>Dieser Vertrag unterliegt dem Schweizer Recht.<br><strong>Ausschlie\u00dflicher Gerichtsstand:<\/strong> Wallis, Schweiz.\t\t\t\t\t\t\t\t<\/div>\n\t\t\t\t\t<\/div>\n\t\t\t\t<\/div>\n\t\t\t\t<\/div>\n\t\t","protected":false},"excerpt":{"rendered":"<p>Allgemeine Mietbedingungen Zur\u00fcck zur Startseite 1. Gegenstand des Vertrags Die vorliegenden Allgemeinen Mietbedingungen gelten f\u00fcr alle Buchungen, die direkt \u00fcber unsere Website f\u00fcr die Vermietung unserer Lodges im Wallis (Schweiz) get\u00e4tigt werden.Jede Buchung setzt die vollst\u00e4ndige Annahme der vorliegenden Allgemeinen Gesch\u00e4ftsbedingungen voraus. 2. Buchung und Vertragsabschluss Die Buchung wird verbindlich, wenn : Der Kunde hat [&hellip;]<\/p>\n","protected":false},"author":1,"featured_media":0,"parent":0,"menu_order":0,"comment_status":"closed","ping_status":"closed","template":"","meta":{"_acf_changed":false,"footnotes":""},"class_list":["post-3102","page","type-page","status-publish","hentry"],"acf":[],"_links":{"self":[{"href":"https:\/\/alpura-lodges.ch\/de\/wp-json\/wp\/v2\/pages\/3102","targetHints":{"allow":["GET"]}}],"collection":[{"href":"https:\/\/alpura-lodges.ch\/de\/wp-json\/wp\/v2\/pages"}],"about":[{"href":"https:\/\/alpura-lodges.ch\/de\/wp-json\/wp\/v2\/types\/page"}],"author":[{"embeddable":true,"href":"https:\/\/alpura-lodges.ch\/de\/wp-json\/wp\/v2\/users\/1"}],"replies":[{"embeddable":true,"href":"https:\/\/alpura-lodges.ch\/de\/wp-json\/wp\/v2\/comments?post=3102"}],"version-history":[{"count":6,"href":"https:\/\/alpura-lodges.ch\/de\/wp-json\/wp\/v2\/pages\/3102\/revisions"}],"predecessor-version":[{"id":3677,"href":"https:\/\/alpura-lodges.ch\/de\/wp-json\/wp\/v2\/pages\/3102\/revisions\/3677"}],"wp:attachment":[{"href":"https:\/\/alpura-lodges.ch\/de\/wp-json\/wp\/v2\/media?parent=3102"}],"curies":[{"name":"wp","href":"https:\/\/api.w.org\/{rel}","templated":true}]}}