{"id":3100,"date":"2025-11-04T11:34:46","date_gmt":"2025-11-04T11:34:46","guid":{"rendered":"https:\/\/alpura-lodges.ch\/allgemeine-nutzungsbedingungen\/"},"modified":"2025-11-09T09:47:09","modified_gmt":"2025-11-09T09:47:09","slug":"allgemeine-nutzungsbedingungen","status":"publish","type":"page","link":"https:\/\/alpura-lodges.ch\/de\/allgemeine-nutzungsbedingungen\/","title":{"rendered":"Allgemeine Nutzungsbedingungen"},"content":{"rendered":"\t\t<div data-elementor-type=\"wp-page\" data-elementor-id=\"3100\" class=\"elementor elementor-3100 elementor-2467\" data-elementor-settings=\"{&quot;element_pack_global_tooltip_width&quot;:{&quot;unit&quot;:&quot;px&quot;,&quot;size&quot;:&quot;&quot;,&quot;sizes&quot;:[]},&quot;element_pack_global_tooltip_width_tablet&quot;:{&quot;unit&quot;:&quot;px&quot;,&quot;size&quot;:&quot;&quot;,&quot;sizes&quot;:[]},&quot;element_pack_global_tooltip_width_mobile&quot;:{&quot;unit&quot;:&quot;px&quot;,&quot;size&quot;:&quot;&quot;,&quot;sizes&quot;:[]},&quot;element_pack_global_tooltip_padding&quot;:{&quot;unit&quot;:&quot;px&quot;,&quot;top&quot;:&quot;&quot;,&quot;right&quot;:&quot;&quot;,&quot;bottom&quot;:&quot;&quot;,&quot;left&quot;:&quot;&quot;,&quot;isLinked&quot;:true},&quot;element_pack_global_tooltip_padding_tablet&quot;:{&quot;unit&quot;:&quot;px&quot;,&quot;top&quot;:&quot;&quot;,&quot;right&quot;:&quot;&quot;,&quot;bottom&quot;:&quot;&quot;,&quot;left&quot;:&quot;&quot;,&quot;isLinked&quot;:true},&quot;element_pack_global_tooltip_padding_mobile&quot;:{&quot;unit&quot;:&quot;px&quot;,&quot;top&quot;:&quot;&quot;,&quot;right&quot;:&quot;&quot;,&quot;bottom&quot;:&quot;&quot;,&quot;left&quot;:&quot;&quot;,&quot;isLinked&quot;:true},&quot;element_pack_global_tooltip_border_radius&quot;:{&quot;unit&quot;:&quot;px&quot;,&quot;top&quot;:&quot;&quot;,&quot;right&quot;:&quot;&quot;,&quot;bottom&quot;:&quot;&quot;,&quot;left&quot;:&quot;&quot;,&quot;isLinked&quot;:true},&quot;element_pack_global_tooltip_border_radius_tablet&quot;:{&quot;unit&quot;:&quot;px&quot;,&quot;top&quot;:&quot;&quot;,&quot;right&quot;:&quot;&quot;,&quot;bottom&quot;:&quot;&quot;,&quot;left&quot;:&quot;&quot;,&quot;isLinked&quot;:true},&quot;element_pack_global_tooltip_border_radius_mobile&quot;:{&quot;unit&quot;:&quot;px&quot;,&quot;top&quot;:&quot;&quot;,&quot;right&quot;:&quot;&quot;,&quot;bottom&quot;:&quot;&quot;,&quot;left&quot;:&quot;&quot;,&quot;isLinked&quot;:true}}\" data-elementor-post-type=\"page\">\n\t\t\t\t<div class=\"elementor-element elementor-element-e5672b9 e-flex e-con-boxed e-con e-parent\" data-id=\"e5672b9\" data-element_type=\"container\" data-e-type=\"container\" data-settings=\"{&quot;background_background&quot;:&quot;classic&quot;}\">\n\t\t\t\t\t<div class=\"e-con-inner\">\n\t\t<div class=\"elementor-element elementor-element-45e770a e-con-full e-flex e-con e-child\" data-id=\"45e770a\" data-element_type=\"container\" data-e-type=\"container\">\n\t\t<div class=\"elementor-element elementor-element-8927da5 e-con-full e-flex e-con e-child\" data-id=\"8927da5\" data-element_type=\"container\" data-e-type=\"container\">\n\t\t\t\t<div class=\"elementor-element elementor-element-dd03679 elementor-invisible elementor-widget elementor-widget-heading\" data-id=\"dd03679\" data-element_type=\"widget\" data-e-type=\"widget\" data-settings=\"{&quot;_animation&quot;:&quot;fadeInUp&quot;}\" data-widget_type=\"heading.default\">\n\t\t\t\t\t<h1 class=\"elementor-heading-title elementor-size-default\">Allgemeine Nutzungsbedingungen<\/h1>\t\t\t\t<\/div>\n\t\t\t\t<\/div>\n\t\t\t\t<\/div>\n\t\t<div class=\"elementor-element elementor-element-d677112 e-con-full e-flex e-con e-child\" data-id=\"d677112\" data-element_type=\"container\" data-e-type=\"container\">\n\t\t\t\t<div class=\"elementor-element elementor-element-192f7c2 elementor-align-center elementor-invisible elementor-widget elementor-widget-button\" data-id=\"192f7c2\" data-element_type=\"widget\" data-e-type=\"widget\" data-settings=\"{&quot;_animation&quot;:&quot;fadeInUp&quot;,&quot;_animation_delay&quot;:&quot;400&quot;}\" data-widget_type=\"button.default\">\n\t\t\t\t\t\t\t\t\t\t<a class=\"elementor-button elementor-button-link elementor-size-sm\" href=\"https:\/\/alpura-lodges.ch\/de\/\">\n\t\t\t\t\t\t<span class=\"elementor-button-content-wrapper\">\n\t\t\t\t\t\t<span class=\"elementor-button-icon\">\n\t\t\t\t<i aria-hidden=\"true\" class=\"ti ti-arrow-left\"><\/i>\t\t\t<\/span>\n\t\t\t\t\t\t\t\t\t<span class=\"elementor-button-text\">Zur\u00fcck zur Startseite<\/span>\n\t\t\t\t\t<\/span>\n\t\t\t\t\t<\/a>\n\t\t\t\t\t\t\t\t<\/div>\n\t\t\t\t<\/div>\n\t\t\t\t\t<\/div>\n\t\t\t\t<\/div>\n\t\t<div class=\"elementor-element elementor-element-308a5f3 e-flex e-con-boxed e-con e-parent\" data-id=\"308a5f3\" data-element_type=\"container\" data-e-type=\"container\">\n\t\t\t\t\t<div class=\"e-con-inner\">\n\t\t\t\t<div class=\"elementor-element elementor-element-e9f86e1 elementor-widget elementor-widget-text-editor\" data-id=\"e9f86e1\" data-element_type=\"widget\" data-e-type=\"widget\" data-widget_type=\"text-editor.default\">\n\t\t\t\t\t\t\t\t\t<p>Die vorliegenden Allgemeinen Nutzungsbedingungen (ANB) haben zum Ziel, die Modalit\u00e4ten des Zugangs und der Nutzung der von <strong>Ecolodge Immobilier Bonvin SA<\/strong> herausgegebenen Website <a href=\"https:\/\/www.alpura-lodges.ch\" target=\"_blank\" rel=\"noopener\">www.alpura-lodges.ch<\/a> (nachfolgend &#8222;die Website&#8220;) zu definieren.<\/p>\n<h4>1. Annahme der Bedingungen<\/h4>\n<p>Durch den Zugriff auf die Website und das Browsen auf ihr akzeptiert der Nutzer diese Nutzungsbedingungen vorbehaltlos. Wenn Sie mit diesen Bedingungen ganz oder teilweise nicht einverstanden sind, nutzen Sie die Website bitte nicht. <\/p>\n<h4>2. Zweck der Website<\/h4>\n<p>Der Zweck der Webseite ist es, die Alpura Lodges zu pr\u00e4sentieren und es den Nutzern zu erm\u00f6glichen, Informationen zu erhalten, Verf\u00fcgbarkeiten einzusehen und Online-Buchungen auf sichere Weise \u00fcber die Lodgify-Plattform durchzuf\u00fchren.<\/p>\n<h4>3. Zugang zur Website<\/h4>\n<p>Die Website ist f\u00fcr jeden Nutzer mit einem Internetzugang kostenlos zug\u00e4nglich. Die mit diesem Zugang verbundenen Kosten (Verbindung, Hardware, Software usw.) gehen zu Lasten des Nutzers.<br \/>Der Herausgeber bem\u00fcht sich, einen kontinuierlichen Zugang zur Website zu gew\u00e4hrleisten, kann aber nicht garantieren, dass es keine Unterbrechungen, Bugs oder technischen Fehler gibt. Er beh\u00e4lt sich das Recht vor, den Zugang zu Wartungs- oder Aktualisierungszwecken vor\u00fcbergehend zu unterbrechen oder einzuschr\u00e4nken.  <\/p>\n<h4>4. Nutzung der Website<\/h4>\n<p>Der Nutzer verpflichtet sich, die Website in \u00dcbereinstimmung mit der geltenden schweizerischen Gesetzgebung und den vorliegenden Bedingungen zu nutzen. Insbesondere ist es ihm untersagt <\/p>\n<ul>\n<li>rechtswidrige, diffamierende, obsz\u00f6ne oder gegen die \u00f6ffentliche Ordnung versto\u00dfende Informationen zu ver\u00f6ffentlichen, zu \u00fcbertragen oder zu verbreiten,<\/li>\n<li>der Versuch eines unberechtigten Zugriffs auf die gesamte Website oder einen Teil davon,<\/li>\n<li>die Website zu nicht genehmigten, betr\u00fcgerischen oder f\u00fcr Dritte sch\u00e4dlichen kommerziellen Zwecken zu nutzen.<\/li>\n<\/ul>\n<h4>5. Buchungen und Zahlungen<\/h4>\n<p>Buchungen \u00fcber die Website werden \u00fcber die Lodgify-Plattform abgewickelt und Zahlungen werden sicher \u00fcber Stripe abgewickelt.<br \/>Die spezifischen Bedingungen f\u00fcr Buchungen, Stornierungen und Zahlungen sind in den <a href=\"https:\/\/alpura-lodges.ch\/de\/allgemeine-mietbedingungen\/\">Allgemeinen Mietbedingungen<\/a> festgelegt.<\/p>\n<h4>6. Inhalt und geistiges Eigentum<\/h4>\n<p>Der gesamte Inhalt der Website (Texte, Bilder, Fotografien, Videos, Logo, Struktur und Design) ist durch das Urheberrecht und die Schweizer Gesetzgebung zum geistigen Eigentum gesch\u00fctzt.<br \/>Diese Inhalte geh\u00f6ren Ecolodge Immobilier Bonvin SA oder ihren jeweiligen Autoren.<br \/>Jede vollst\u00e4ndige oder teilweise Vervielf\u00e4ltigung, \u00c4nderung, Verbreitung oder Nutzung ohne vorherige schriftliche Genehmigung ist strengstens untersagt.<\/p>\n<h4>7. Pers\u00f6nliche Daten<\/h4>\n<p>Die \u00fcber die Website gesammelten pers\u00f6nlichen Daten (Kontaktformulare, Reservierungen, Statistiken) werden ausschlie\u00dflich f\u00fcr die Verwaltung der Anfragen und Aufenthalte verwendet.<br \/>Ecolodge Immobilier Bonvin SA verpflichtet sich, das <strong>Bundesgesetz \u00fcber den Datenschutz (DSG 2023)<\/strong> einzuhalten.<br \/>Die Benutzer k\u00f6nnen ihr Recht auf Zugang, Berichtigung oder L\u00f6schung ihrer Daten aus\u00fcben, indem sie an folgende Adresse schreiben: <a href=\"mailto:contact@alpura-lodges.ch\">contact@alpura-lodges.ch<\/a>.<\/p>\n<h4>8. Cookies und Messwerkzeuge<\/h4>\n<p>Die Website verwendet Google Analytics, um die Besucherzahlen zu analysieren und die Qualit\u00e4t der Dienstleistungen zu verbessern.<br \/>Durch das Surfen auf der Website stimmt der Nutzer der Verwendung von Cookies zur Messung der Besucherzahlen zu. Der Nutzer kann diese Cookies jederzeit in den Einstellungen seines Browsers deaktivieren. <\/p>\n<h4>9. Externe Links<\/h4>\n<p>Die Website kann Links zu anderen Websites enthalten. Ecolodge Immobilier Bonvin SA \u00fcbernimmt keine Verantwortung f\u00fcr den Inhalt oder die Praktiken dieser Websites Dritter. <\/p>\n<h4>10. Verantwortung<\/h4>\n<p>Der Herausgeber bem\u00fcht sich, die auf der Website ver\u00f6ffentlichten Informationen auf dem neuesten Stand zu halten, \u00fcbernimmt jedoch keine Garantie f\u00fcr deren Richtigkeit, Vollst\u00e4ndigkeit oder Aktualit\u00e4t.<br \/>Die Nutzung der Website erfolgt auf eigene Verantwortung des Nutzers. Ecolodge Immobilier Bonvin SA kann nicht f\u00fcr direkte oder indirekte Sch\u00e4den haftbar gemacht werden, die sich aus der Konsultation oder der Nutzung der Website ergeben. <\/p>\n<h4>11. \u00c4nderung der Bedingungen<\/h4>\n<p>Ecolodge Immobilier Bonvin SA beh\u00e4lt sich das Recht vor, die vorliegenden AGB jederzeit und ohne Vorank\u00fcndigung zu \u00e4ndern. Die Nutzer werden gebeten, diese regelm\u00e4\u00dfig zu \u00fcberpr\u00fcfen. <\/p>\n<h4>12. Droit applicable et juridiction<\/h4>\n<p>Diese Allgemeinen Nutzungsbedingungen unterliegen dem Schweizer Recht.<br \/>Ausschlie\u00dflicher Gerichtsstand: Wallis, Schweiz.<\/p>\n\t\t\t\t\t\t\t\t<\/div>\n\t\t\t\t\t<\/div>\n\t\t\t\t<\/div>\n\t\t\t\t<\/div>\n\t\t","protected":false},"excerpt":{"rendered":"<p>Allgemeine Nutzungsbedingungen Zur\u00fcck zur Startseite Die vorliegenden Allgemeinen Nutzungsbedingungen (ANB) haben zum Ziel, die Modalit\u00e4ten des Zugangs und der Nutzung der von Ecolodge Immobilier Bonvin SA herausgegebenen Website www.alpura-lodges.ch (nachfolgend &#8222;die Website&#8220;) zu definieren. 1. Annahme der Bedingungen Durch den Zugriff auf die Website und das Browsen auf ihr akzeptiert der Nutzer diese Nutzungsbedingungen vorbehaltlos. [&hellip;]<\/p>\n","protected":false},"author":1,"featured_media":0,"parent":0,"menu_order":0,"comment_status":"closed","ping_status":"closed","template":"","meta":{"_acf_changed":false,"footnotes":""},"class_list":["post-3100","page","type-page","status-publish","hentry"],"acf":[],"_links":{"self":[{"href":"https:\/\/alpura-lodges.ch\/de\/wp-json\/wp\/v2\/pages\/3100","targetHints":{"allow":["GET"]}}],"collection":[{"href":"https:\/\/alpura-lodges.ch\/de\/wp-json\/wp\/v2\/pages"}],"about":[{"href":"https:\/\/alpura-lodges.ch\/de\/wp-json\/wp\/v2\/types\/page"}],"author":[{"embeddable":true,"href":"https:\/\/alpura-lodges.ch\/de\/wp-json\/wp\/v2\/users\/1"}],"replies":[{"embeddable":true,"href":"https:\/\/alpura-lodges.ch\/de\/wp-json\/wp\/v2\/comments?post=3100"}],"version-history":[{"count":3,"href":"https:\/\/alpura-lodges.ch\/de\/wp-json\/wp\/v2\/pages\/3100\/revisions"}],"predecessor-version":[{"id":3668,"href":"https:\/\/alpura-lodges.ch\/de\/wp-json\/wp\/v2\/pages\/3100\/revisions\/3668"}],"wp:attachment":[{"href":"https:\/\/alpura-lodges.ch\/de\/wp-json\/wp\/v2\/media?parent=3100"}],"curies":[{"name":"wp","href":"https:\/\/api.w.org\/{rel}","templated":true}]}}